{"id":26189,"date":"2023-08-03T14:37:57","date_gmt":"2023-08-03T12:37:57","guid":{"rendered":"https:\/\/dolmetscher-duesseldorf.com\/impressum\/"},"modified":"2023-12-22T11:52:16","modified_gmt":"2023-12-22T10:52:16","slug":"impressum","status":"publish","type":"page","link":"https:\/\/dolmetscher-duesseldorf.com\/fr\/impressum\/","title":{"rendered":"Mentions l\u00e9gales"},"content":{"rendered":"<style>.kb-row-layout-id26189_540dda-ba > .kt-row-column-wrap{align-content:start;}:where(.kb-row-layout-id26189_540dda-ba > .kt-row-column-wrap) > .wp-block-kadence-column{justify-content:start;}.kb-row-layout-id26189_540dda-ba > .kt-row-column-wrap{column-gap:var(--global-kb-gap-md, 2rem);row-gap:var(--global-kb-gap-md, 2rem);max-width:var( --global-content-width, 1290px );padding-left:var(--global-content-edge-padding);padding-right:var(--global-content-edge-padding);padding-top:var(--global-kb-spacing-sm, 1.5rem);padding-bottom:var(--global-kb-spacing-sm, 1.5rem);grid-template-columns:minmax(0, 1fr);}.kb-row-layout-id26189_540dda-ba > .kt-row-layout-overlay{opacity:0.30;}@media all and (max-width: 1024px){.kb-row-layout-id26189_540dda-ba > .kt-row-column-wrap{grid-template-columns:minmax(0, 1fr);}}@media all and (max-width: 767px){.kb-row-layout-id26189_540dda-ba > .kt-row-column-wrap{grid-template-columns:minmax(0, 1fr);}}<\/style><div class=\"kb-row-layout-wrap kb-row-layout-id26189_540dda-ba alignnone wp-block-kadence-rowlayout\"><div class=\"kt-row-column-wrap kt-has-1-columns kt-row-layout-equal kt-tab-layout-inherit kt-mobile-layout-row kt-row-valign-top kb-theme-content-width\">\n<style>.kadence-column26189_51d4b6-fb > .kt-inside-inner-col,.kadence-column26189_51d4b6-fb > .kt-inside-inner-col:before{border-top-left-radius:0px;border-top-right-radius:0px;border-bottom-right-radius:0px;border-bottom-left-radius:0px;}.kadence-column26189_51d4b6-fb > .kt-inside-inner-col{column-gap:var(--global-kb-gap-sm, 1rem);}.kadence-column26189_51d4b6-fb > .kt-inside-inner-col{flex-direction:column;}.kadence-column26189_51d4b6-fb > .kt-inside-inner-col > .aligncenter{width:100%;}.kadence-column26189_51d4b6-fb > .kt-inside-inner-col:before{opacity:0.3;}.kadence-column26189_51d4b6-fb{position:relative;}@media all and (max-width: 1024px){.kadence-column26189_51d4b6-fb > .kt-inside-inner-col{flex-direction:column;justify-content:center;}}@media all and (max-width: 767px){.kadence-column26189_51d4b6-fb > .kt-inside-inner-col{flex-direction:column;justify-content:center;}}<\/style>\n<div class=\"wp-block-kadence-column kadence-column26189_51d4b6-fb\"><div class=\"kt-inside-inner-col\">\n<h1 class=\"wp-block-heading\"><strong>Mentions l\u00e9gales<\/strong><\/h1>\n\n\n\n<h2 class=\"wp-block-heading has--font-size\"><strong>Informations selon \u00a7 5 TMG<\/strong><\/h2>\n\n\n<style>.wp-block-kadence-advancedheading.kt-adv-heading26189_dc79d5-5b, .wp-block-kadence-advancedheading.kt-adv-heading26189_dc79d5-5b[data-kb-block=\"kb-adv-heading26189_dc79d5-5b\"]{font-style:normal;}.wp-block-kadence-advancedheading.kt-adv-heading26189_dc79d5-5b mark.kt-highlight, .wp-block-kadence-advancedheading.kt-adv-heading26189_dc79d5-5b[data-kb-block=\"kb-adv-heading26189_dc79d5-5b\"] mark.kt-highlight{font-style:normal;color:#f76a0c;-webkit-box-decoration-break:clone;box-decoration-break:clone;padding-top:0px;padding-right:0px;padding-bottom:0px;padding-left:0px;}.wp-block-kadence-advancedheading.kt-adv-heading26189_dc79d5-5b img.kb-inline-image, .wp-block-kadence-advancedheading.kt-adv-heading26189_dc79d5-5b[data-kb-block=\"kb-adv-heading26189_dc79d5-5b\"] img.kb-inline-image{width:150px;vertical-align:baseline;}<\/style>\n<p class=\"kt-adv-heading26189_dc79d5-5b wp-block-kadence-advancedheading\" data-kb-block=\"kb-adv-heading26189_dc79d5-5b\">Myriam Le Floch<br>Jahnstra\u00dfe 6 <br>D-40215 D\u00fcsseldorf<\/p>\n\n\n\n<p><strong>Membre de l\u00b4<a href=\"https:\/\/dvud.de\/\" target=\"_blank\" rel=\"noopener\">Association Allemande des Traducteurs et Interpr\u00e8tes Ind\u00e9pendants<\/a><\/strong><\/p>\n\n\n\n<h2 class=\"wp-block-heading\"><strong>Contact<\/strong><\/h2>\n\n\n<style>.wp-block-kadence-advancedheading.kt-adv-heading26189_442c3f-eb, .wp-block-kadence-advancedheading.kt-adv-heading26189_442c3f-eb[data-kb-block=\"kb-adv-heading26189_442c3f-eb\"]{font-style:normal;}.wp-block-kadence-advancedheading.kt-adv-heading26189_442c3f-eb mark.kt-highlight, .wp-block-kadence-advancedheading.kt-adv-heading26189_442c3f-eb[data-kb-block=\"kb-adv-heading26189_442c3f-eb\"] mark.kt-highlight{font-style:normal;color:#f76a0c;-webkit-box-decoration-break:clone;box-decoration-break:clone;padding-top:0px;padding-right:0px;padding-bottom:0px;padding-left:0px;}.wp-block-kadence-advancedheading.kt-adv-heading26189_442c3f-eb img.kb-inline-image, .wp-block-kadence-advancedheading.kt-adv-heading26189_442c3f-eb[data-kb-block=\"kb-adv-heading26189_442c3f-eb\"] img.kb-inline-image{width:150px;vertical-align:baseline;}<\/style>\n<p class=\"kt-adv-heading26189_442c3f-eb wp-block-kadence-advancedheading\" data-kb-block=\"kb-adv-heading26189_442c3f-eb\">T\u00e9l\u00e9phone : +4915772037703<br>Courrier \u00e9lectronique : <a href=\"mailto:info@dolmetscher-duesseldorf.com\" target=\"_blank\" rel=\"noopener\">info@dolmetscher-duesseldorf.com<\/a><\/p>\n\n\n\n<h2 class=\"wp-block-heading\"><strong><strong>Num\u00e9ro TVA intracommunautaire<\/strong><\/strong><\/h2>\n\n\n<style>.wp-block-kadence-advancedheading.kt-adv-heading26189_fc2c8f-de, .wp-block-kadence-advancedheading.kt-adv-heading26189_fc2c8f-de[data-kb-block=\"kb-adv-heading26189_fc2c8f-de\"]{font-style:normal;}.wp-block-kadence-advancedheading.kt-adv-heading26189_fc2c8f-de mark.kt-highlight, .wp-block-kadence-advancedheading.kt-adv-heading26189_fc2c8f-de[data-kb-block=\"kb-adv-heading26189_fc2c8f-de\"] mark.kt-highlight{font-style:normal;color:#f76a0c;-webkit-box-decoration-break:clone;box-decoration-break:clone;padding-top:0px;padding-right:0px;padding-bottom:0px;padding-left:0px;}.wp-block-kadence-advancedheading.kt-adv-heading26189_fc2c8f-de img.kb-inline-image, .wp-block-kadence-advancedheading.kt-adv-heading26189_fc2c8f-de[data-kb-block=\"kb-adv-heading26189_fc2c8f-de\"] img.kb-inline-image{width:150px;vertical-align:baseline;}<\/style>\n<p class=\"kt-adv-heading26189_fc2c8f-de wp-block-kadence-advancedheading\" data-kb-block=\"kb-adv-heading26189_fc2c8f-de\">Num\u00e9ro TVA intracommunautaire: DE307605329<\/p>\n\n\n\n<h2 class=\"wp-block-heading\"><strong>Responsable de la r\u00e9daction<\/strong><\/h2>\n\n\n<style>.wp-block-kadence-advancedheading.kt-adv-heading26189_876374-51, .wp-block-kadence-advancedheading.kt-adv-heading26189_876374-51[data-kb-block=\"kb-adv-heading26189_876374-51\"]{font-style:normal;}.wp-block-kadence-advancedheading.kt-adv-heading26189_876374-51 mark.kt-highlight, .wp-block-kadence-advancedheading.kt-adv-heading26189_876374-51[data-kb-block=\"kb-adv-heading26189_876374-51\"] mark.kt-highlight{font-style:normal;color:#f76a0c;-webkit-box-decoration-break:clone;box-decoration-break:clone;padding-top:0px;padding-right:0px;padding-bottom:0px;padding-left:0px;}.wp-block-kadence-advancedheading.kt-adv-heading26189_876374-51 img.kb-inline-image, .wp-block-kadence-advancedheading.kt-adv-heading26189_876374-51[data-kb-block=\"kb-adv-heading26189_876374-51\"] img.kb-inline-image{width:150px;vertical-align:baseline;}<\/style>\n<p class=\"kt-adv-heading26189_876374-51 wp-block-kadence-advancedheading\" data-kb-block=\"kb-adv-heading26189_876374-51\">Myriam Le Floch<br>Jahnstrasse 6<br>D-40215 D\u00fcsseldorf<\/p>\n\n\n\n<h2 class=\"wp-block-heading\"><strong>R\u00e8glement des litiges au sein de l&rsquo;UE<\/strong><\/h2>\n\n\n<style>.wp-block-kadence-advancedheading.kt-adv-heading26189_d50d9e-5c, .wp-block-kadence-advancedheading.kt-adv-heading26189_d50d9e-5c[data-kb-block=\"kb-adv-heading26189_d50d9e-5c\"]{font-style:normal;}.wp-block-kadence-advancedheading.kt-adv-heading26189_d50d9e-5c mark.kt-highlight, .wp-block-kadence-advancedheading.kt-adv-heading26189_d50d9e-5c[data-kb-block=\"kb-adv-heading26189_d50d9e-5c\"] mark.kt-highlight{font-style:normal;color:#f76a0c;-webkit-box-decoration-break:clone;box-decoration-break:clone;padding-top:0px;padding-right:0px;padding-bottom:0px;padding-left:0px;}.wp-block-kadence-advancedheading.kt-adv-heading26189_d50d9e-5c img.kb-inline-image, .wp-block-kadence-advancedheading.kt-adv-heading26189_d50d9e-5c[data-kb-block=\"kb-adv-heading26189_d50d9e-5c\"] img.kb-inline-image{width:150px;vertical-align:baseline;}<\/style>\n<p class=\"kt-adv-heading26189_d50d9e-5c wp-block-kadence-advancedheading\" data-kb-block=\"kb-adv-heading26189_d50d9e-5c\">La Commission europ\u00e9enne met \u00e0 disposition une plateforme de r\u00e8glement en ligne des litiges (RLL) : <a href=\"https:\/\/ec.europa.eu\/consumers\/odr\/\" target=\"_blank\" rel=\"noopener\">https:\/\/ec.europa.eu\/consumers\/odr\/<\/a>.<\/p>\n\n\n<style>.wp-block-kadence-advancedheading.kt-adv-heading26189_356b62-af, .wp-block-kadence-advancedheading.kt-adv-heading26189_356b62-af[data-kb-block=\"kb-adv-heading26189_356b62-af\"]{font-style:normal;}.wp-block-kadence-advancedheading.kt-adv-heading26189_356b62-af mark.kt-highlight, .wp-block-kadence-advancedheading.kt-adv-heading26189_356b62-af[data-kb-block=\"kb-adv-heading26189_356b62-af\"] mark.kt-highlight{font-style:normal;color:#f76a0c;-webkit-box-decoration-break:clone;box-decoration-break:clone;padding-top:0px;padding-right:0px;padding-bottom:0px;padding-left:0px;}.wp-block-kadence-advancedheading.kt-adv-heading26189_356b62-af img.kb-inline-image, .wp-block-kadence-advancedheading.kt-adv-heading26189_356b62-af[data-kb-block=\"kb-adv-heading26189_356b62-af\"] img.kb-inline-image{width:150px;vertical-align:baseline;}<\/style>\n<p class=\"kt-adv-heading26189_356b62-af wp-block-kadence-advancedheading\" data-kb-block=\"kb-adv-heading26189_356b62-af\">Vous pouvez trouver notre adresse e-mail en haut des mentions l\u00e9gales.<\/p>\n\n\n\n<h2 class=\"wp-block-heading has--font-size\"><strong>R\u00e8glement des litiges pour les consommateurs \/ organe universel de m\u00e9diation<\/strong><\/h2>\n\n\n<style>.wp-block-kadence-advancedheading.kt-adv-heading26189_a7256c-b5, .wp-block-kadence-advancedheading.kt-adv-heading26189_a7256c-b5[data-kb-block=\"kb-adv-heading26189_a7256c-b5\"]{font-style:normal;}.wp-block-kadence-advancedheading.kt-adv-heading26189_a7256c-b5 mark.kt-highlight, .wp-block-kadence-advancedheading.kt-adv-heading26189_a7256c-b5[data-kb-block=\"kb-adv-heading26189_a7256c-b5\"] mark.kt-highlight{font-style:normal;color:#f76a0c;-webkit-box-decoration-break:clone;box-decoration-break:clone;padding-top:0px;padding-right:0px;padding-bottom:0px;padding-left:0px;}.wp-block-kadence-advancedheading.kt-adv-heading26189_a7256c-b5 img.kb-inline-image, .wp-block-kadence-advancedheading.kt-adv-heading26189_a7256c-b5[data-kb-block=\"kb-adv-heading26189_a7256c-b5\"] img.kb-inline-image{width:150px;vertical-align:baseline;}<\/style>\n<p class=\"kt-adv-heading26189_a7256c-b5 wp-block-kadence-advancedheading\" data-kb-block=\"kb-adv-heading26189_a7256c-b5\">Nous ne sommes ni dispos\u00e9s ni oblig\u00e9s de participer \u00e0 une proc\u00e9dure de r\u00e8glement des litiges devant un organisme de m\u00e9diation pour les consommateurs.<\/p>\n<\/div><\/div>\n\n<\/div><\/div>","protected":false},"excerpt":{"rendered":"<p>Mentions l\u00e9gales Informations selon \u00a7 5 TMG Myriam Le FlochJahnstra\u00dfe 6 D-40215 D\u00fcsseldorf Membre de l\u00b4Association Allemande des Traducteurs et Interpr\u00e8tes Ind\u00e9pendants Contact T\u00e9l\u00e9phone : +4915772037703Courrier \u00e9lectronique : info@dolmetscher-duesseldorf.com Num\u00e9ro TVA intracommunautaire Num\u00e9ro TVA intracommunautaire: DE307605329 Responsable de la r\u00e9daction Myriam Le FlochJahnstrasse 6D-40215 D\u00fcsseldorf R\u00e8glement des litiges au sein de l&rsquo;UE La Commission europ\u00e9enne&#8230;<\/p>\n","protected":false},"author":1,"featured_media":0,"parent":0,"menu_order":0,"comment_status":"closed","ping_status":"closed","template":"","meta":{"_seopress_robots_primary_cat":"","_seopress_titles_title":"Mentions l\u00e9gales Myriam Le Floch","_seopress_titles_desc":"Retrouvez les mentions l\u00e9gales de Myriam Le Floch, traductrice et interpr\u00e8te ind\u00e9pendante. ","_seopress_robots_index":"","_kad_blocks_custom_css":"","_kad_blocks_head_custom_js":"","_kad_blocks_body_custom_js":"","_kad_blocks_footer_custom_js":"","_kadence_starter_templates_imported_post":false,"_kad_post_transparent":"","_kad_post_title":"","_kad_post_layout":"normal","_kad_post_sidebar_id":"","_kad_post_content_style":"","_kad_post_vertical_padding":"","_kad_post_feature":"","_kad_post_feature_position":"","_kad_post_header":false,"_kad_post_footer":false,"footnotes":""},"class_list":["post-26189","page","type-page","status-publish"],"taxonomy_info":[],"featured_image_src_large":false,"author_info":{"display_name":"Dolm-Admin","author_link":"https:\/\/dolmetscher-duesseldorf.com\/fr\/author\/dolm-admin\/"},"comment_info":0,"_links":{"self":[{"href":"https:\/\/dolmetscher-duesseldorf.com\/fr\/wp-json\/wp\/v2\/pages\/26189","targetHints":{"allow":["GET"]}}],"collection":[{"href":"https:\/\/dolmetscher-duesseldorf.com\/fr\/wp-json\/wp\/v2\/pages"}],"about":[{"href":"https:\/\/dolmetscher-duesseldorf.com\/fr\/wp-json\/wp\/v2\/types\/page"}],"author":[{"embeddable":true,"href":"https:\/\/dolmetscher-duesseldorf.com\/fr\/wp-json\/wp\/v2\/users\/1"}],"replies":[{"embeddable":true,"href":"https:\/\/dolmetscher-duesseldorf.com\/fr\/wp-json\/wp\/v2\/comments?post=26189"}],"version-history":[{"count":10,"href":"https:\/\/dolmetscher-duesseldorf.com\/fr\/wp-json\/wp\/v2\/pages\/26189\/revisions"}],"predecessor-version":[{"id":26356,"href":"https:\/\/dolmetscher-duesseldorf.com\/fr\/wp-json\/wp\/v2\/pages\/26189\/revisions\/26356"}],"wp:attachment":[{"href":"https:\/\/dolmetscher-duesseldorf.com\/fr\/wp-json\/wp\/v2\/media?parent=26189"}],"curies":[{"name":"wp","href":"https:\/\/api.w.org\/{rel}","templated":true}]}}